{"id":143,"date":"2017-08-18T13:03:16","date_gmt":"2017-08-18T13:03:16","guid":{"rendered":"http:\/\/agrosluzby-kynst.cz\/?page_id=143"},"modified":"2020-04-01T12:42:20","modified_gmt":"2020-04-01T12:42:20","slug":"nase-agrosluzby","status":"publish","type":"page","link":"https:\/\/agrosluzby-kynst.cz\/?page_id=143","title":{"rendered":"Na\u0161e slu\u017eby a strojn\u00ed vybaven\u00ed"},"content":{"rendered":"<p><strong>Firma David Kyn\u0161t-Agroslu\u017eby disponuje n\u00e1sleduj\u00edc\u00edm strojn\u00edm vybaven\u00edm:<\/strong><\/p>\n<table style=\"background-color: #f7cf1b;\">\n<tbody>\n<tr>\n<td><strong>\u00a0 Konzervace sil\u00e1\u017en\u00edm strojem<\/strong><\/td>\n<\/tr>\n<\/tbody>\n<\/table>\n<p><a href=\"http:\/\/agrosluzby-kynst.cz\/wp-content\/uploads\/2017\/08\/agrosluzby-kynst-BE310LG2.jpg\" target=\"_blank\" rel=\"noopener noreferrer\">Eurobagger EB 310 LG<\/a> &#8211; 2 stroje<\/p>\n<ul>\n<li>t\u0159i pr\u016fm\u011bry vak\u016f: 2,4m, 2,7m a 3m\u00a0<\/li>\n<li>d\u00e9lka vak\u016f\u00a0 od 45m do 90m<\/li>\n<\/ul>\n<p><strong>Konzervovan\u00fd materi\u00e1l:<\/strong><\/p>\n<ul>\n<li><a href=\"http:\/\/agrosluzby-kynst.cz\/wp-content\/uploads\/2017\/08\/agrosluzby-kynst-BE310LG3.jpg\" target=\"_blank\" rel=\"noopener noreferrer\">sen\u00e1\u017ee<\/a><\/li>\n<li>GPS luskovin a obilovin<\/li>\n<li><a href=\"http:\/\/agrosluzby-kynst.cz\/wp-content\/uploads\/2017\/10\/Sklize%C5%88-sil%C3%A1%C5%BEn%C3%AD-kuku%C5%99ice.jpg\" target=\"_blank\" rel=\"noopener noreferrer\">kuku\u0159i\u010dn\u00e9 sil\u00e1\u017ee<\/a><\/li>\n<li>pivovarsk\u00e9 a kuku\u0159i\u010dn\u00e9 ml\u00e1to<\/li>\n<li><a href=\"http:\/\/agrosluzby-kynst.cz\/wp-content\/uploads\/2017\/10\/Ma%C4%8Dk%C3%A1n%C3%AD-vlhk%C3%A9ho-kuku%C5%99i%C4%8Dn%C3%A9ho-zrna2.jpg\" target=\"_blank\" rel=\"noopener noreferrer\">ma\u010dkan\u00e9 kuku\u0159i\u010dn\u00e9 zrno<\/a><\/li>\n<li>\u0159epn\u00e9 \u0159\u00edzky<\/li>\n<\/ul>\n<table style=\"background-color: #f7cf1b;\">\n<tbody>\n<tr>\n<td><strong>\u00a0Sklize\u0148 obil\u00ed, \u0159epky, hrachu, m\u00e1ku, slune\u010dnice a kuku\u0159ice na zrno<\/strong><\/td>\n<\/tr>\n<\/tbody>\n<\/table>\n<ul>\n<li><a href=\"http:\/\/agrosluzby-kynst.cz\/wp-content\/uploads\/2017\/08\/DSC_0945m.jpg\" target=\"_blank\" rel=\"noopener noreferrer\">\u00a0New Holland CR 9.80<\/a> &#8211; \u0161\u00ed\u0159ka li\u0161ty 9m<\/li>\n<li>\u00a0New Holland CX 8080 Elevation &#8211; \u0161\u00ed\u0159ka li\u0161ty 7,6m<\/li>\n<li>\u00a0New Holland CX 8070 &#8211; \u0161\u00ed\u0159ka li\u0161ty 7,5m<\/li>\n<\/ul>\n<table style=\"background-color: #f7cf1b;\">\n<tbody>\n<tr>\n<td><strong>\u00a0Sklize\u0148 sen\u00e1\u017ee a sil\u00e1\u017ee \u0159eza\u010dkou<br \/><\/strong><\/td>\n<\/tr>\n<\/tbody>\n<\/table>\n<ul>\n<li>\u00a0<a href=\"http:\/\/agrosluzby-kynst.cz\/wp-content\/uploads\/2017\/10\/Sklize%C5%88-sil%C3%A1%C5%BEn%C3%AD-kuku%C5%99ice-%C5%99eza%C4%8Dkou.jpg\" target=\"_blank\" rel=\"noopener noreferrer\">New Holland FR 9060 s osmi\u0159\u00e1dkov\u00fdm adapt\u00e9rem<\/a><\/li>\n<\/ul>\n<table style=\"background-color: #f7cf1b;\">\n<tbody>\n<tr>\n<td><strong>\u00a0Ma\u010dk\u00e1n\u00ed vlhk\u00e9ho kuku\u0159i\u010dn\u00e9ho zrna<\/strong><\/td>\n<\/tr>\n<\/tbody>\n<\/table>\n<ul>\n<li>\u00a0<a href=\"http:\/\/agrosluzby-kynst.cz\/wp-content\/uploads\/2017\/10\/Ma%C4%8Dk%C3%A1n%C3%AD-vlhk%C3%A9ho-kuku%C5%99i%C4%8Dn%C3%A9ho-zrna.jpg\" target=\"_blank\" rel=\"noopener noreferrer\">Romill M2 Plus s v\u00fdkonem a\u017e 60t\/hod<\/a><\/li>\n<\/ul>\n<table style=\"background-color: #f7cf1b;\">\n<tbody>\n<tr>\n<td><strong>\u00a0Odvoz materi\u00e1lu velkokapacitn\u00edmi n\u00e1v\u011bsy<\/strong><\/td>\n<\/tr>\n<\/tbody>\n<\/table>\n<ul>\n<li>\u00a0Wielton o objemu 40,5 m3<\/li>\n<li><a href=\"http:\/\/agrosluzby-kynst.cz\/wp-content\/uploads\/2017\/08\/DSC_0941m.jpg\">\u00a0<\/a><a href=\"http:\/\/agrosluzby-kynst.cz\/wp-content\/uploads\/2017\/08\/DSC_0941m.jpg\" target=\"_blank\" rel=\"noopener noreferrer\">PRONAR T700 o objemu 38m3<\/a><\/li>\n<li>\u00a0Traktory New Holland T 7040, T 7 250, T 7 185<\/li>\n<\/ul>\n<table style=\"width: 100%; background-color: #f7cf1b;\">\n<tbody>\n<tr>\n<td style=\"width: 100%;\"><strong>\u00a0Odvoz a zapraven\u00ed kejdy<br \/><\/strong><\/td>\n<\/tr>\n<\/tbody>\n<\/table>\n<ul>\n<li><a href=\"http:\/\/www.zunhammercz.cz\/stroj\/detail\/modelova-rada-k-traktorove-cisterny-bez-cerpadla\/\" target=\"_blank\" rel=\"noopener noreferrer\">ZUNHAMMER cisterna s hadicov\u00fdm aplik\u00e1torem 20 m3<\/a><\/li>\n<\/ul>\n<table style=\"background-color: #f7cf1b;\">\n<tbody>\n<tr>\n<td><strong>\u00a0Sb\u011br kamen\u016f<br \/><\/strong><\/td>\n<\/tr>\n<\/tbody>\n<\/table>\n<ul>\n<li><a href=\"http:\/\/www.dvoragro.cz\/_download\/DVORAGRO_Schulte_sberace-kamenu.pdf\" target=\"_blank\" rel=\"noopener noreferrer\">SHULTE 5000 TITAN sb\u011bra\u010d kamen\u016f v\u010detn\u011b nahrnov\u00e1n\u00ed<\/a><\/li>\n<\/ul>\n\n","protected":false},"excerpt":{"rendered":"<p>Firma David Kyn\u0161t-Agroslu\u017eby disponuje n\u00e1sleduj\u00edc\u00edm strojn\u00edm vybaven\u00edm: \u00a0 Konzervace sil\u00e1\u017en\u00edm strojem Eurobagger EB 310 LG &#8211; 2 stroje t\u0159i pr\u016fm\u011bry vak\u016f: 2,4m, 2,7m a 3m\u00a0 d\u00e9lka vak\u016f\u00a0 od 45m do 90m Konzervovan\u00fd materi\u00e1l: sen\u00e1\u017ee GPS luskovin a obilovin kuku\u0159i\u010dn\u00e9 sil\u00e1\u017ee &hellip; <a href=\"https:\/\/agrosluzby-kynst.cz\/?page_id=143\">Cel\u00fd p\u0159\u00edsp\u011bvek <span class=\"meta-nav\">&rarr;<\/span><\/a><\/p>\n","protected":false},"author":1,"featured_media":0,"parent":0,"menu_order":0,"comment_status":"closed","ping_status":"closed","template":"","meta":[],"yoast_head":"<!-- This site is optimized with the Yoast SEO plugin v19.5.1 - https:\/\/yoast.com\/wordpress\/plugins\/seo\/ -->\n<title>Na\u0161e slu\u017eby a strojn\u00ed vybaven\u00ed - AGROSLU\u017dBY-DAVID KYN\u0160T<\/title>\n<meta name=\"description\" content=\"zem\u011bd\u011blsk\u00e9 slu\u017eby, agroslu\u017eby: odvoz kejdy, sklize\u0148 obil\u00ed, \u0159epky, kuku\u0159ice na zrno, sklize\u0148 sil\u00e1\u017ee a sen\u00e1\u017ee \u0159eza\u010dkou, konzervace sen\u00e1\u017ee a sil\u00e1\u017ee do vak\u016f, ma\u010dk\u00e1n\u00ed kuku\u0159i\u010dn\u00e9ho zrna.Pro agroslu\u017eby vyu\u017e\u00edv\u00e1me kvalitn\u00ed strojn\u00ed vybaven\u00ed: lisy Eurobagging, \u0159eza\u010dka a kombajny New Holland, n\u00e1v\u011bsy Pronar a Wielton, ma\u010dka\u010d Romill. Nav\u0161tivte na\u0161e str\u00e1nky!\" \/>\n<meta name=\"robots\" content=\"index, follow, max-snippet:-1, max-image-preview:large, max-video-preview:-1\" \/>\n<link rel=\"canonical\" href=\"https:\/\/agrosluzby-kynst.cz\/?page_id=143\" \/>\n<meta property=\"og:locale\" content=\"cs_CZ\" \/>\n<meta property=\"og:type\" content=\"article\" \/>\n<meta property=\"og:title\" content=\"Na\u0161e slu\u017eby a strojn\u00ed vybaven\u00ed - AGROSLU\u017dBY-DAVID KYN\u0160T\" \/>\n<meta property=\"og:description\" content=\"zem\u011bd\u011blsk\u00e9 slu\u017eby, agroslu\u017eby: odvoz kejdy, sklize\u0148 obil\u00ed, \u0159epky, kuku\u0159ice na zrno, sklize\u0148 sil\u00e1\u017ee a sen\u00e1\u017ee \u0159eza\u010dkou, konzervace sen\u00e1\u017ee a sil\u00e1\u017ee do vak\u016f, ma\u010dk\u00e1n\u00ed kuku\u0159i\u010dn\u00e9ho zrna.Pro agroslu\u017eby vyu\u017e\u00edv\u00e1me kvalitn\u00ed strojn\u00ed vybaven\u00ed: lisy Eurobagging, \u0159eza\u010dka a kombajny New Holland, n\u00e1v\u011bsy Pronar a Wielton, ma\u010dka\u010d Romill. Nav\u0161tivte na\u0161e str\u00e1nky!\" \/>\n<meta property=\"og:url\" content=\"https:\/\/agrosluzby-kynst.cz\/?page_id=143\" \/>\n<meta property=\"og:site_name\" content=\"AGROSLU\u017dBY-DAVID KYN\u0160T\" \/>\n<meta property=\"article:modified_time\" content=\"2020-04-01T12:42:20+00:00\" \/>\n<meta name=\"twitter:card\" content=\"summary\" \/>\n<meta name=\"twitter:label1\" content=\"Odhadovan\u00e1 doba \u010dten\u00ed\" \/>\n\t<meta name=\"twitter:data1\" content=\"1 minuta\" \/>\n<script type=\"application\/ld+json\" class=\"yoast-schema-graph\">{\"@context\":\"https:\/\/schema.org\",\"@graph\":[{\"@type\":\"WebPage\",\"@id\":\"https:\/\/agrosluzby-kynst.cz\/?page_id=143\",\"url\":\"https:\/\/agrosluzby-kynst.cz\/?page_id=143\",\"name\":\"Na\u0161e slu\u017eby a strojn\u00ed vybaven\u00ed - AGROSLU\u017dBY-DAVID KYN\u0160T\",\"isPartOf\":{\"@id\":\"https:\/\/agrosluzby-kynst.cz\/#website\"},\"datePublished\":\"2017-08-18T13:03:16+00:00\",\"dateModified\":\"2020-04-01T12:42:20+00:00\",\"description\":\"zem\u011bd\u011blsk\u00e9 slu\u017eby, agroslu\u017eby: odvoz kejdy, sklize\u0148 obil\u00ed, \u0159epky, kuku\u0159ice na zrno, sklize\u0148 sil\u00e1\u017ee a sen\u00e1\u017ee \u0159eza\u010dkou, konzervace sen\u00e1\u017ee a sil\u00e1\u017ee do vak\u016f, ma\u010dk\u00e1n\u00ed kuku\u0159i\u010dn\u00e9ho zrna.Pro agroslu\u017eby vyu\u017e\u00edv\u00e1me kvalitn\u00ed strojn\u00ed vybaven\u00ed: lisy Eurobagging, \u0159eza\u010dka a kombajny New Holland, n\u00e1v\u011bsy Pronar a Wielton, ma\u010dka\u010d Romill. Nav\u0161tivte na\u0161e str\u00e1nky!\",\"breadcrumb\":{\"@id\":\"https:\/\/agrosluzby-kynst.cz\/?page_id=143#breadcrumb\"},\"inLanguage\":\"cs\",\"potentialAction\":[{\"@type\":\"ReadAction\",\"target\":[\"https:\/\/agrosluzby-kynst.cz\/?page_id=143\"]}]},{\"@type\":\"BreadcrumbList\",\"@id\":\"https:\/\/agrosluzby-kynst.cz\/?page_id=143#breadcrumb\",\"itemListElement\":[{\"@type\":\"ListItem\",\"position\":1,\"name\":\"Dom\u016f\",\"item\":\"https:\/\/agrosluzby-kynst.cz\/\"},{\"@type\":\"ListItem\",\"position\":2,\"name\":\"Na\u0161e slu\u017eby a strojn\u00ed vybaven\u00ed\"}]},{\"@type\":\"WebSite\",\"@id\":\"https:\/\/agrosluzby-kynst.cz\/#website\",\"url\":\"https:\/\/agrosluzby-kynst.cz\/\",\"name\":\"AGROSLU\u017dBY-DAVID KYN\u0160T\",\"description\":\"Slu\u017eby pro zem\u011bd\u011blsk\u00e9 podniky\",\"publisher\":{\"@id\":\"https:\/\/agrosluzby-kynst.cz\/#organization\"},\"potentialAction\":[{\"@type\":\"SearchAction\",\"target\":{\"@type\":\"EntryPoint\",\"urlTemplate\":\"https:\/\/agrosluzby-kynst.cz\/?s={search_term_string}\"},\"query-input\":\"required name=search_term_string\"}],\"inLanguage\":\"cs\"},{\"@type\":\"Organization\",\"@id\":\"https:\/\/agrosluzby-kynst.cz\/#organization\",\"name\":\"AGROSLU\u017dBY-DAVID KYN\u0160T\",\"url\":\"https:\/\/agrosluzby-kynst.cz\/\",\"sameAs\":[],\"logo\":{\"@type\":\"ImageObject\",\"inLanguage\":\"cs\",\"@id\":\"https:\/\/agrosluzby-kynst.cz\/#\/schema\/logo\/image\/\",\"url\":\"https:\/\/agrosluzby-kynst.cz\/wp-content\/uploads\/2017\/08\/cropped-LOGO512x512.jpg\",\"contentUrl\":\"https:\/\/agrosluzby-kynst.cz\/wp-content\/uploads\/2017\/08\/cropped-LOGO512x512.jpg\",\"width\":512,\"height\":512,\"caption\":\"AGROSLU\u017dBY-DAVID KYN\u0160T\"},\"image\":{\"@id\":\"https:\/\/agrosluzby-kynst.cz\/#\/schema\/logo\/image\/\"}}]}<\/script>\n<!-- \/ Yoast SEO plugin. -->","yoast_head_json":{"title":"Na\u0161e slu\u017eby a strojn\u00ed vybaven\u00ed - AGROSLU\u017dBY-DAVID KYN\u0160T","description":"zem\u011bd\u011blsk\u00e9 slu\u017eby, agroslu\u017eby: odvoz kejdy, sklize\u0148 obil\u00ed, \u0159epky, kuku\u0159ice na zrno, sklize\u0148 sil\u00e1\u017ee a sen\u00e1\u017ee \u0159eza\u010dkou, konzervace sen\u00e1\u017ee a sil\u00e1\u017ee do vak\u016f, ma\u010dk\u00e1n\u00ed kuku\u0159i\u010dn\u00e9ho zrna.Pro agroslu\u017eby vyu\u017e\u00edv\u00e1me kvalitn\u00ed strojn\u00ed vybaven\u00ed: lisy Eurobagging, \u0159eza\u010dka a kombajny New Holland, n\u00e1v\u011bsy Pronar a Wielton, ma\u010dka\u010d Romill. Nav\u0161tivte na\u0161e str\u00e1nky!","robots":{"index":"index","follow":"follow","max-snippet":"max-snippet:-1","max-image-preview":"max-image-preview:large","max-video-preview":"max-video-preview:-1"},"canonical":"https:\/\/agrosluzby-kynst.cz\/?page_id=143","og_locale":"cs_CZ","og_type":"article","og_title":"Na\u0161e slu\u017eby a strojn\u00ed vybaven\u00ed - AGROSLU\u017dBY-DAVID KYN\u0160T","og_description":"zem\u011bd\u011blsk\u00e9 slu\u017eby, agroslu\u017eby: odvoz kejdy, sklize\u0148 obil\u00ed, \u0159epky, kuku\u0159ice na zrno, sklize\u0148 sil\u00e1\u017ee a sen\u00e1\u017ee \u0159eza\u010dkou, konzervace sen\u00e1\u017ee a sil\u00e1\u017ee do vak\u016f, ma\u010dk\u00e1n\u00ed kuku\u0159i\u010dn\u00e9ho zrna.Pro agroslu\u017eby vyu\u017e\u00edv\u00e1me kvalitn\u00ed strojn\u00ed vybaven\u00ed: lisy Eurobagging, \u0159eza\u010dka a kombajny New Holland, n\u00e1v\u011bsy Pronar a Wielton, ma\u010dka\u010d Romill. Nav\u0161tivte na\u0161e str\u00e1nky!","og_url":"https:\/\/agrosluzby-kynst.cz\/?page_id=143","og_site_name":"AGROSLU\u017dBY-DAVID KYN\u0160T","article_modified_time":"2020-04-01T12:42:20+00:00","twitter_card":"summary","twitter_misc":{"Odhadovan\u00e1 doba \u010dten\u00ed":"1 minuta"},"schema":{"@context":"https:\/\/schema.org","@graph":[{"@type":"WebPage","@id":"https:\/\/agrosluzby-kynst.cz\/?page_id=143","url":"https:\/\/agrosluzby-kynst.cz\/?page_id=143","name":"Na\u0161e slu\u017eby a strojn\u00ed vybaven\u00ed - AGROSLU\u017dBY-DAVID KYN\u0160T","isPartOf":{"@id":"https:\/\/agrosluzby-kynst.cz\/#website"},"datePublished":"2017-08-18T13:03:16+00:00","dateModified":"2020-04-01T12:42:20+00:00","description":"zem\u011bd\u011blsk\u00e9 slu\u017eby, agroslu\u017eby: odvoz kejdy, sklize\u0148 obil\u00ed, \u0159epky, kuku\u0159ice na zrno, sklize\u0148 sil\u00e1\u017ee a sen\u00e1\u017ee \u0159eza\u010dkou, konzervace sen\u00e1\u017ee a sil\u00e1\u017ee do vak\u016f, ma\u010dk\u00e1n\u00ed kuku\u0159i\u010dn\u00e9ho zrna.Pro agroslu\u017eby vyu\u017e\u00edv\u00e1me kvalitn\u00ed strojn\u00ed vybaven\u00ed: lisy Eurobagging, \u0159eza\u010dka a kombajny New Holland, n\u00e1v\u011bsy Pronar a Wielton, ma\u010dka\u010d Romill. Nav\u0161tivte na\u0161e str\u00e1nky!","breadcrumb":{"@id":"https:\/\/agrosluzby-kynst.cz\/?page_id=143#breadcrumb"},"inLanguage":"cs","potentialAction":[{"@type":"ReadAction","target":["https:\/\/agrosluzby-kynst.cz\/?page_id=143"]}]},{"@type":"BreadcrumbList","@id":"https:\/\/agrosluzby-kynst.cz\/?page_id=143#breadcrumb","itemListElement":[{"@type":"ListItem","position":1,"name":"Dom\u016f","item":"https:\/\/agrosluzby-kynst.cz\/"},{"@type":"ListItem","position":2,"name":"Na\u0161e slu\u017eby a strojn\u00ed vybaven\u00ed"}]},{"@type":"WebSite","@id":"https:\/\/agrosluzby-kynst.cz\/#website","url":"https:\/\/agrosluzby-kynst.cz\/","name":"AGROSLU\u017dBY-DAVID KYN\u0160T","description":"Slu\u017eby pro zem\u011bd\u011blsk\u00e9 podniky","publisher":{"@id":"https:\/\/agrosluzby-kynst.cz\/#organization"},"potentialAction":[{"@type":"SearchAction","target":{"@type":"EntryPoint","urlTemplate":"https:\/\/agrosluzby-kynst.cz\/?s={search_term_string}"},"query-input":"required name=search_term_string"}],"inLanguage":"cs"},{"@type":"Organization","@id":"https:\/\/agrosluzby-kynst.cz\/#organization","name":"AGROSLU\u017dBY-DAVID KYN\u0160T","url":"https:\/\/agrosluzby-kynst.cz\/","sameAs":[],"logo":{"@type":"ImageObject","inLanguage":"cs","@id":"https:\/\/agrosluzby-kynst.cz\/#\/schema\/logo\/image\/","url":"https:\/\/agrosluzby-kynst.cz\/wp-content\/uploads\/2017\/08\/cropped-LOGO512x512.jpg","contentUrl":"https:\/\/agrosluzby-kynst.cz\/wp-content\/uploads\/2017\/08\/cropped-LOGO512x512.jpg","width":512,"height":512,"caption":"AGROSLU\u017dBY-DAVID KYN\u0160T"},"image":{"@id":"https:\/\/agrosluzby-kynst.cz\/#\/schema\/logo\/image\/"}}]}},"_links":{"self":[{"href":"https:\/\/agrosluzby-kynst.cz\/index.php?rest_route=\/wp\/v2\/pages\/143"}],"collection":[{"href":"https:\/\/agrosluzby-kynst.cz\/index.php?rest_route=\/wp\/v2\/pages"}],"about":[{"href":"https:\/\/agrosluzby-kynst.cz\/index.php?rest_route=\/wp\/v2\/types\/page"}],"author":[{"embeddable":true,"href":"https:\/\/agrosluzby-kynst.cz\/index.php?rest_route=\/wp\/v2\/users\/1"}],"replies":[{"embeddable":true,"href":"https:\/\/agrosluzby-kynst.cz\/index.php?rest_route=%2Fwp%2Fv2%2Fcomments&post=143"}],"version-history":[{"count":49,"href":"https:\/\/agrosluzby-kynst.cz\/index.php?rest_route=\/wp\/v2\/pages\/143\/revisions"}],"predecessor-version":[{"id":373,"href":"https:\/\/agrosluzby-kynst.cz\/index.php?rest_route=\/wp\/v2\/pages\/143\/revisions\/373"}],"wp:attachment":[{"href":"https:\/\/agrosluzby-kynst.cz\/index.php?rest_route=%2Fwp%2Fv2%2Fmedia&parent=143"}],"curies":[{"name":"wp","href":"https:\/\/api.w.org\/{rel}","templated":true}]}}