{"id":2,"date":"2017-08-08T09:04:39","date_gmt":"2017-08-08T09:04:39","guid":{"rendered":"http:\/\/agrosluzby-kynst.cz\/?page_id=2"},"modified":"2020-11-24T20:04:15","modified_gmt":"2020-11-24T20:04:15","slug":"o-nas","status":"publish","type":"page","link":"https:\/\/agrosluzby-kynst.cz\/","title":{"rendered":"O n\u00e1s"},"content":{"rendered":"<h2>V\u00edtejte str\u00e1nk\u00e1ch David Kyn\u0161t \u2013 Agroslu\u017eby<\/h2>\n<h5>Firma David Kyn\u0161t \u2013 Agroslu\u017eby se specializuje na zem\u011bd\u011blsk\u00e9 slu\u017eby pro farmy a zem\u011bd\u011blsk\u00e9 podniky v \u010cesk\u00e9 republice a na Slovensku.<\/h5>\n<h5>Poskytujeme agroslu\u017eby v oblasti odvozu a aplikace kejdy, sklizn\u011b obil\u00ed, \u0159epky, s\u00f3ji, hrachu, m\u00e1ku a kuku\u0159ice na zrno, konzervace krmiv do vak\u016f, sb\u011bru kamen\u016f.<\/h5>\n<table style=\"border-collapse: collapse; width: 100%;\">\n<tbody>\n<tr>\n<td style=\"width: 100%;\"><\/td>\n<\/tr>\n<\/tbody>\n<\/table>\n<table class=\" alignleft\" style=\"background-color: #f7cf1b; width: 100%; height: 76px;\">\n<tbody>\n<tr>\n<td>\n<h4 style=\"text-align: center;\"><strong>\u00a0P\u0159i realizaci agroslu\u017eeb pou\u017e\u00edv\u00e1me kvalitn\u00ed strojn\u00ed\u00a0 vybaven\u00ed na sklize\u0148 a konzervaci\u00a0\u00a0 sen\u00e1\u017e\u00ed a sil\u00e1\u017e\u00ed. Nab\u00edz\u00edme kompletn\u00ed linku na zpracov\u00e1n\u00ed vlhk\u00e9ho kuku\u0159i\u010dn\u00e9ho zrna.<\/strong><\/h4>\n<\/td>\n<\/tr>\n<\/tbody>\n<\/table>\n<h4><\/h4>\n<h4><\/h4>\n<h4><\/h4>\n<h4><\/h4>\n<h4>V agroslu\u017eb\u00e1ch m\u00e1me dlouholet\u00e9 zku\u0161enosti, nov\u00e9 strojn\u00ed vybaven\u00ed a vlastn\u00ed servis pro vysokou spolehlivost p\u0159i poskytov\u00e1n\u00ed slu\u017eeb.<\/h4>\n<h4><a href=\"http:\/\/agrosluzby-kynst.cz\/kontakt-agrosluzby\/\" target=\"_blank\" rel=\"noopener noreferrer\"><em>Nev\u00e1hejte n\u00e1s kontaktovat!<\/em><\/a><\/h4>\n<h4><strong><em>\u00a0<\/em><\/strong><\/h4>\n","protected":false},"excerpt":{"rendered":"<p>V\u00edtejte str\u00e1nk\u00e1ch David Kyn\u0161t \u2013 Agroslu\u017eby Firma David Kyn\u0161t \u2013 Agroslu\u017eby se specializuje na zem\u011bd\u011blsk\u00e9 slu\u017eby pro farmy a zem\u011bd\u011blsk\u00e9 podniky v \u010cesk\u00e9 republice a na Slovensku. Poskytujeme agroslu\u017eby v oblasti odvozu a aplikace kejdy, sklizn\u011b obil\u00ed, \u0159epky, s\u00f3ji, hrachu, &hellip; <a href=\"https:\/\/agrosluzby-kynst.cz\/\">Cel\u00fd p\u0159\u00edsp\u011bvek <span class=\"meta-nav\">&rarr;<\/span><\/a><\/p>\n","protected":false},"author":1,"featured_media":0,"parent":0,"menu_order":0,"comment_status":"open","ping_status":"open","template":"","meta":[],"yoast_head":"<!-- This site is optimized with the Yoast SEO plugin v19.5.1 - https:\/\/yoast.com\/wordpress\/plugins\/seo\/ -->\n<title>O n\u00e1s - AGROSLU\u017dBY-DAVID KYN\u0160T<\/title>\n<meta name=\"description\" content=\"Hled\u00e1te zem\u011bd\u011blsk\u00e9 slu\u017eby v oblasti sen\u00e1\u017eov\u00e1n\u00ed, aplikace kejdy, sklizn\u011b obil\u00ed, sil\u00e1\u017eov\u00e1n\u00ed, vakov\u00e1n\u00ed a ma\u010dk\u00e1n\u00ed kuku\u0159i\u010dn\u00e9ho zrna? Agroslu\u017eby David Kyn\u0161t jsou tu pro V\u00e1s..\" \/>\n<meta name=\"robots\" content=\"index, follow, max-snippet:-1, max-image-preview:large, max-video-preview:-1\" \/>\n<link rel=\"canonical\" href=\"https:\/\/agrosluzby-kynst.cz\/\" \/>\n<meta property=\"og:locale\" content=\"cs_CZ\" \/>\n<meta property=\"og:type\" content=\"article\" \/>\n<meta property=\"og:title\" content=\"O n\u00e1s - AGROSLU\u017dBY-DAVID KYN\u0160T\" \/>\n<meta property=\"og:description\" content=\"Hled\u00e1te zem\u011bd\u011blsk\u00e9 slu\u017eby v oblasti sen\u00e1\u017eov\u00e1n\u00ed, aplikace kejdy, sklizn\u011b obil\u00ed, sil\u00e1\u017eov\u00e1n\u00ed, vakov\u00e1n\u00ed a ma\u010dk\u00e1n\u00ed kuku\u0159i\u010dn\u00e9ho zrna? Agroslu\u017eby David Kyn\u0161t jsou tu pro V\u00e1s..\" \/>\n<meta property=\"og:url\" content=\"https:\/\/agrosluzby-kynst.cz\/\" \/>\n<meta property=\"og:site_name\" content=\"AGROSLU\u017dBY-DAVID KYN\u0160T\" \/>\n<meta property=\"article:modified_time\" content=\"2020-11-24T20:04:15+00:00\" \/>\n<meta name=\"twitter:card\" content=\"summary\" \/>\n<meta name=\"twitter:label1\" content=\"Odhadovan\u00e1 doba \u010dten\u00ed\" \/>\n\t<meta name=\"twitter:data1\" content=\"1 minuta\" \/>\n<script type=\"application\/ld+json\" class=\"yoast-schema-graph\">{\"@context\":\"https:\/\/schema.org\",\"@graph\":[{\"@type\":\"WebPage\",\"@id\":\"https:\/\/agrosluzby-kynst.cz\/\",\"url\":\"https:\/\/agrosluzby-kynst.cz\/\",\"name\":\"O n\u00e1s - AGROSLU\u017dBY-DAVID KYN\u0160T\",\"isPartOf\":{\"@id\":\"https:\/\/agrosluzby-kynst.cz\/#website\"},\"datePublished\":\"2017-08-08T09:04:39+00:00\",\"dateModified\":\"2020-11-24T20:04:15+00:00\",\"description\":\"Hled\u00e1te zem\u011bd\u011blsk\u00e9 slu\u017eby v oblasti sen\u00e1\u017eov\u00e1n\u00ed, aplikace kejdy, sklizn\u011b obil\u00ed, sil\u00e1\u017eov\u00e1n\u00ed, vakov\u00e1n\u00ed a ma\u010dk\u00e1n\u00ed kuku\u0159i\u010dn\u00e9ho zrna? Agroslu\u017eby David Kyn\u0161t jsou tu pro V\u00e1s..\",\"breadcrumb\":{\"@id\":\"https:\/\/agrosluzby-kynst.cz\/#breadcrumb\"},\"inLanguage\":\"cs\",\"potentialAction\":[{\"@type\":\"ReadAction\",\"target\":[\"https:\/\/agrosluzby-kynst.cz\/\"]}]},{\"@type\":\"BreadcrumbList\",\"@id\":\"https:\/\/agrosluzby-kynst.cz\/#breadcrumb\",\"itemListElement\":[{\"@type\":\"ListItem\",\"position\":1,\"name\":\"Dom\u016f\",\"item\":\"https:\/\/agrosluzby-kynst.cz\/\"},{\"@type\":\"ListItem\",\"position\":2,\"name\":\"O n\u00e1s\"}]},{\"@type\":\"WebSite\",\"@id\":\"https:\/\/agrosluzby-kynst.cz\/#website\",\"url\":\"https:\/\/agrosluzby-kynst.cz\/\",\"name\":\"AGROSLU\u017dBY-DAVID KYN\u0160T\",\"description\":\"Slu\u017eby pro zem\u011bd\u011blsk\u00e9 podniky\",\"publisher\":{\"@id\":\"https:\/\/agrosluzby-kynst.cz\/#organization\"},\"potentialAction\":[{\"@type\":\"SearchAction\",\"target\":{\"@type\":\"EntryPoint\",\"urlTemplate\":\"https:\/\/agrosluzby-kynst.cz\/?s={search_term_string}\"},\"query-input\":\"required name=search_term_string\"}],\"inLanguage\":\"cs\"},{\"@type\":\"Organization\",\"@id\":\"https:\/\/agrosluzby-kynst.cz\/#organization\",\"name\":\"AGROSLU\u017dBY-DAVID KYN\u0160T\",\"url\":\"https:\/\/agrosluzby-kynst.cz\/\",\"sameAs\":[],\"logo\":{\"@type\":\"ImageObject\",\"inLanguage\":\"cs\",\"@id\":\"https:\/\/agrosluzby-kynst.cz\/#\/schema\/logo\/image\/\",\"url\":\"https:\/\/agrosluzby-kynst.cz\/wp-content\/uploads\/2017\/08\/cropped-LOGO512x512.jpg\",\"contentUrl\":\"https:\/\/agrosluzby-kynst.cz\/wp-content\/uploads\/2017\/08\/cropped-LOGO512x512.jpg\",\"width\":512,\"height\":512,\"caption\":\"AGROSLU\u017dBY-DAVID KYN\u0160T\"},\"image\":{\"@id\":\"https:\/\/agrosluzby-kynst.cz\/#\/schema\/logo\/image\/\"}}]}<\/script>\n<!-- \/ Yoast SEO plugin. -->","yoast_head_json":{"title":"O n\u00e1s - AGROSLU\u017dBY-DAVID KYN\u0160T","description":"Hled\u00e1te zem\u011bd\u011blsk\u00e9 slu\u017eby v oblasti sen\u00e1\u017eov\u00e1n\u00ed, aplikace kejdy, sklizn\u011b obil\u00ed, sil\u00e1\u017eov\u00e1n\u00ed, vakov\u00e1n\u00ed a ma\u010dk\u00e1n\u00ed kuku\u0159i\u010dn\u00e9ho zrna? Agroslu\u017eby David Kyn\u0161t jsou tu pro V\u00e1s..","robots":{"index":"index","follow":"follow","max-snippet":"max-snippet:-1","max-image-preview":"max-image-preview:large","max-video-preview":"max-video-preview:-1"},"canonical":"https:\/\/agrosluzby-kynst.cz\/","og_locale":"cs_CZ","og_type":"article","og_title":"O n\u00e1s - AGROSLU\u017dBY-DAVID KYN\u0160T","og_description":"Hled\u00e1te zem\u011bd\u011blsk\u00e9 slu\u017eby v oblasti sen\u00e1\u017eov\u00e1n\u00ed, aplikace kejdy, sklizn\u011b obil\u00ed, sil\u00e1\u017eov\u00e1n\u00ed, vakov\u00e1n\u00ed a ma\u010dk\u00e1n\u00ed kuku\u0159i\u010dn\u00e9ho zrna? Agroslu\u017eby David Kyn\u0161t jsou tu pro V\u00e1s..","og_url":"https:\/\/agrosluzby-kynst.cz\/","og_site_name":"AGROSLU\u017dBY-DAVID KYN\u0160T","article_modified_time":"2020-11-24T20:04:15+00:00","twitter_card":"summary","twitter_misc":{"Odhadovan\u00e1 doba \u010dten\u00ed":"1 minuta"},"schema":{"@context":"https:\/\/schema.org","@graph":[{"@type":"WebPage","@id":"https:\/\/agrosluzby-kynst.cz\/","url":"https:\/\/agrosluzby-kynst.cz\/","name":"O n\u00e1s - AGROSLU\u017dBY-DAVID KYN\u0160T","isPartOf":{"@id":"https:\/\/agrosluzby-kynst.cz\/#website"},"datePublished":"2017-08-08T09:04:39+00:00","dateModified":"2020-11-24T20:04:15+00:00","description":"Hled\u00e1te zem\u011bd\u011blsk\u00e9 slu\u017eby v oblasti sen\u00e1\u017eov\u00e1n\u00ed, aplikace kejdy, sklizn\u011b obil\u00ed, sil\u00e1\u017eov\u00e1n\u00ed, vakov\u00e1n\u00ed a ma\u010dk\u00e1n\u00ed kuku\u0159i\u010dn\u00e9ho zrna? Agroslu\u017eby David Kyn\u0161t jsou tu pro V\u00e1s..","breadcrumb":{"@id":"https:\/\/agrosluzby-kynst.cz\/#breadcrumb"},"inLanguage":"cs","potentialAction":[{"@type":"ReadAction","target":["https:\/\/agrosluzby-kynst.cz\/"]}]},{"@type":"BreadcrumbList","@id":"https:\/\/agrosluzby-kynst.cz\/#breadcrumb","itemListElement":[{"@type":"ListItem","position":1,"name":"Dom\u016f","item":"https:\/\/agrosluzby-kynst.cz\/"},{"@type":"ListItem","position":2,"name":"O n\u00e1s"}]},{"@type":"WebSite","@id":"https:\/\/agrosluzby-kynst.cz\/#website","url":"https:\/\/agrosluzby-kynst.cz\/","name":"AGROSLU\u017dBY-DAVID KYN\u0160T","description":"Slu\u017eby pro zem\u011bd\u011blsk\u00e9 podniky","publisher":{"@id":"https:\/\/agrosluzby-kynst.cz\/#organization"},"potentialAction":[{"@type":"SearchAction","target":{"@type":"EntryPoint","urlTemplate":"https:\/\/agrosluzby-kynst.cz\/?s={search_term_string}"},"query-input":"required name=search_term_string"}],"inLanguage":"cs"},{"@type":"Organization","@id":"https:\/\/agrosluzby-kynst.cz\/#organization","name":"AGROSLU\u017dBY-DAVID KYN\u0160T","url":"https:\/\/agrosluzby-kynst.cz\/","sameAs":[],"logo":{"@type":"ImageObject","inLanguage":"cs","@id":"https:\/\/agrosluzby-kynst.cz\/#\/schema\/logo\/image\/","url":"https:\/\/agrosluzby-kynst.cz\/wp-content\/uploads\/2017\/08\/cropped-LOGO512x512.jpg","contentUrl":"https:\/\/agrosluzby-kynst.cz\/wp-content\/uploads\/2017\/08\/cropped-LOGO512x512.jpg","width":512,"height":512,"caption":"AGROSLU\u017dBY-DAVID KYN\u0160T"},"image":{"@id":"https:\/\/agrosluzby-kynst.cz\/#\/schema\/logo\/image\/"}}]}},"_links":{"self":[{"href":"https:\/\/agrosluzby-kynst.cz\/index.php?rest_route=\/wp\/v2\/pages\/2"}],"collection":[{"href":"https:\/\/agrosluzby-kynst.cz\/index.php?rest_route=\/wp\/v2\/pages"}],"about":[{"href":"https:\/\/agrosluzby-kynst.cz\/index.php?rest_route=\/wp\/v2\/types\/page"}],"author":[{"embeddable":true,"href":"https:\/\/agrosluzby-kynst.cz\/index.php?rest_route=\/wp\/v2\/users\/1"}],"replies":[{"embeddable":true,"href":"https:\/\/agrosluzby-kynst.cz\/index.php?rest_route=%2Fwp%2Fv2%2Fcomments&post=2"}],"version-history":[{"count":61,"href":"https:\/\/agrosluzby-kynst.cz\/index.php?rest_route=\/wp\/v2\/pages\/2\/revisions"}],"predecessor-version":[{"id":392,"href":"https:\/\/agrosluzby-kynst.cz\/index.php?rest_route=\/wp\/v2\/pages\/2\/revisions\/392"}],"wp:attachment":[{"href":"https:\/\/agrosluzby-kynst.cz\/index.php?rest_route=%2Fwp%2Fv2%2Fmedia&parent=2"}],"curies":[{"name":"wp","href":"https:\/\/api.w.org\/{rel}","templated":true}]}}