{"id":200,"date":"2017-08-18T16:33:21","date_gmt":"2017-08-18T16:33:21","guid":{"rendered":"http:\/\/agrosluzby-kynst.cz\/?page_id=200"},"modified":"2020-04-07T18:05:44","modified_gmt":"2020-04-07T18:05:44","slug":"kontakt-agrosluzby","status":"publish","type":"page","link":"https:\/\/agrosluzby-kynst.cz\/?page_id=200","title":{"rendered":"Kontakt"},"content":{"rendered":"<table style=\"width: 101.311%; background-color: #ffffff;\">\n<tbody>\n<tr>\n<td style=\"width: 99.412%; background-color: #ffffff;\">\n<h2>David Kyn\u0161t-Agroslu\u017eby<\/h2>\n<h2>I\u010c: 040 28\u00a0261<\/h2>\n<h2>DI\u010c: CZ 8412155796<\/h2>\n<h2>788 03 Nov\u00fd Mal\u00edn 333<\/h2>\n<h2>Mobil: +420 775 910 393<\/h2>\n<h2>E-mail: likaman@centrum.cz<\/h2>\n<\/td>\n<td style=\"width: 1.70068%;\"><\/td>\n<\/tr>\n<\/tbody>\n<\/table>\n<h1><\/h1>\n<h1><\/h1>\n<h1><\/h1>\n<h1><\/h1>\n<h1><\/h1>\n","protected":false},"excerpt":{"rendered":"<p>David Kyn\u0161t-Agroslu\u017eby I\u010c: 040 28\u00a0261 DI\u010c: CZ 8412155796 788 03 Nov\u00fd Mal\u00edn 333 Mobil: +420 775 910 393 E-mail: likaman@centrum.cz<\/p>\n","protected":false},"author":1,"featured_media":0,"parent":0,"menu_order":0,"comment_status":"closed","ping_status":"closed","template":"","meta":[],"yoast_head":"<!-- This site is optimized with the Yoast SEO plugin v19.5.1 - https:\/\/yoast.com\/wordpress\/plugins\/seo\/ -->\n<title>Kontakt - AGROSLU\u017dBY-DAVID KYN\u0160T<\/title>\n<meta name=\"description\" content=\"David Kyn\u0161t-Agroslu\u017eby poskytuje slu\u017eby v zem\u011bd\u011blstv\u00ed. Agroslu\u017eby jsou zam\u011b\u0159en\u00e9 na sklize\u0148 obil\u00ed, \u0159epky a kuku\u0159ice, konzervace sen\u00e1\u017ee, sil\u00e1\u017ee, GPS, ma\u010dkan\u00e9 kuku\u0159i\u010dn\u00e9 zrno, cukrovarsk\u00e9 \u0159\u00edzky a ml\u00e1to. Najd\u011bte si na\u0161i firmu na map\u011b Google, um\u00edst\u011bn\u00e9 na na\u0161ich str\u00e1nk\u00e1ch.\" \/>\n<meta name=\"robots\" content=\"index, follow, max-snippet:-1, max-image-preview:large, max-video-preview:-1\" \/>\n<link rel=\"canonical\" href=\"https:\/\/agrosluzby-kynst.cz\/?page_id=200\" \/>\n<meta property=\"og:locale\" content=\"cs_CZ\" \/>\n<meta property=\"og:type\" content=\"article\" \/>\n<meta property=\"og:title\" content=\"Kontakt - AGROSLU\u017dBY-DAVID KYN\u0160T\" \/>\n<meta property=\"og:description\" content=\"David Kyn\u0161t-Agroslu\u017eby poskytuje slu\u017eby v zem\u011bd\u011blstv\u00ed. Agroslu\u017eby jsou zam\u011b\u0159en\u00e9 na sklize\u0148 obil\u00ed, \u0159epky a kuku\u0159ice, konzervace sen\u00e1\u017ee, sil\u00e1\u017ee, GPS, ma\u010dkan\u00e9 kuku\u0159i\u010dn\u00e9 zrno, cukrovarsk\u00e9 \u0159\u00edzky a ml\u00e1to. Najd\u011bte si na\u0161i firmu na map\u011b Google, um\u00edst\u011bn\u00e9 na na\u0161ich str\u00e1nk\u00e1ch.\" \/>\n<meta property=\"og:url\" content=\"https:\/\/agrosluzby-kynst.cz\/?page_id=200\" \/>\n<meta property=\"og:site_name\" content=\"AGROSLU\u017dBY-DAVID KYN\u0160T\" \/>\n<meta property=\"article:modified_time\" content=\"2020-04-07T18:05:44+00:00\" \/>\n<meta name=\"twitter:card\" content=\"summary\" \/>\n<script type=\"application\/ld+json\" class=\"yoast-schema-graph\">{\"@context\":\"https:\/\/schema.org\",\"@graph\":[{\"@type\":\"WebPage\",\"@id\":\"https:\/\/agrosluzby-kynst.cz\/?page_id=200\",\"url\":\"https:\/\/agrosluzby-kynst.cz\/?page_id=200\",\"name\":\"Kontakt - AGROSLU\u017dBY-DAVID KYN\u0160T\",\"isPartOf\":{\"@id\":\"https:\/\/agrosluzby-kynst.cz\/#website\"},\"datePublished\":\"2017-08-18T16:33:21+00:00\",\"dateModified\":\"2020-04-07T18:05:44+00:00\",\"description\":\"David Kyn\u0161t-Agroslu\u017eby poskytuje slu\u017eby v zem\u011bd\u011blstv\u00ed. Agroslu\u017eby jsou zam\u011b\u0159en\u00e9 na sklize\u0148 obil\u00ed, \u0159epky a kuku\u0159ice, konzervace sen\u00e1\u017ee, sil\u00e1\u017ee, GPS, ma\u010dkan\u00e9 kuku\u0159i\u010dn\u00e9 zrno, cukrovarsk\u00e9 \u0159\u00edzky a ml\u00e1to. Najd\u011bte si na\u0161i firmu na map\u011b Google, um\u00edst\u011bn\u00e9 na na\u0161ich str\u00e1nk\u00e1ch.\",\"breadcrumb\":{\"@id\":\"https:\/\/agrosluzby-kynst.cz\/?page_id=200#breadcrumb\"},\"inLanguage\":\"cs\",\"potentialAction\":[{\"@type\":\"ReadAction\",\"target\":[\"https:\/\/agrosluzby-kynst.cz\/?page_id=200\"]}]},{\"@type\":\"BreadcrumbList\",\"@id\":\"https:\/\/agrosluzby-kynst.cz\/?page_id=200#breadcrumb\",\"itemListElement\":[{\"@type\":\"ListItem\",\"position\":1,\"name\":\"Dom\u016f\",\"item\":\"https:\/\/agrosluzby-kynst.cz\/\"},{\"@type\":\"ListItem\",\"position\":2,\"name\":\"Kontakt\"}]},{\"@type\":\"WebSite\",\"@id\":\"https:\/\/agrosluzby-kynst.cz\/#website\",\"url\":\"https:\/\/agrosluzby-kynst.cz\/\",\"name\":\"AGROSLU\u017dBY-DAVID KYN\u0160T\",\"description\":\"Slu\u017eby pro zem\u011bd\u011blsk\u00e9 podniky\",\"publisher\":{\"@id\":\"https:\/\/agrosluzby-kynst.cz\/#organization\"},\"potentialAction\":[{\"@type\":\"SearchAction\",\"target\":{\"@type\":\"EntryPoint\",\"urlTemplate\":\"https:\/\/agrosluzby-kynst.cz\/?s={search_term_string}\"},\"query-input\":\"required name=search_term_string\"}],\"inLanguage\":\"cs\"},{\"@type\":\"Organization\",\"@id\":\"https:\/\/agrosluzby-kynst.cz\/#organization\",\"name\":\"AGROSLU\u017dBY-DAVID KYN\u0160T\",\"url\":\"https:\/\/agrosluzby-kynst.cz\/\",\"sameAs\":[],\"logo\":{\"@type\":\"ImageObject\",\"inLanguage\":\"cs\",\"@id\":\"https:\/\/agrosluzby-kynst.cz\/#\/schema\/logo\/image\/\",\"url\":\"https:\/\/agrosluzby-kynst.cz\/wp-content\/uploads\/2017\/08\/cropped-LOGO512x512.jpg\",\"contentUrl\":\"https:\/\/agrosluzby-kynst.cz\/wp-content\/uploads\/2017\/08\/cropped-LOGO512x512.jpg\",\"width\":512,\"height\":512,\"caption\":\"AGROSLU\u017dBY-DAVID KYN\u0160T\"},\"image\":{\"@id\":\"https:\/\/agrosluzby-kynst.cz\/#\/schema\/logo\/image\/\"}}]}<\/script>\n<!-- \/ Yoast SEO plugin. -->","yoast_head_json":{"title":"Kontakt - AGROSLU\u017dBY-DAVID KYN\u0160T","description":"David Kyn\u0161t-Agroslu\u017eby poskytuje slu\u017eby v zem\u011bd\u011blstv\u00ed. Agroslu\u017eby jsou zam\u011b\u0159en\u00e9 na sklize\u0148 obil\u00ed, \u0159epky a kuku\u0159ice, konzervace sen\u00e1\u017ee, sil\u00e1\u017ee, GPS, ma\u010dkan\u00e9 kuku\u0159i\u010dn\u00e9 zrno, cukrovarsk\u00e9 \u0159\u00edzky a ml\u00e1to. Najd\u011bte si na\u0161i firmu na map\u011b Google, um\u00edst\u011bn\u00e9 na na\u0161ich str\u00e1nk\u00e1ch.","robots":{"index":"index","follow":"follow","max-snippet":"max-snippet:-1","max-image-preview":"max-image-preview:large","max-video-preview":"max-video-preview:-1"},"canonical":"https:\/\/agrosluzby-kynst.cz\/?page_id=200","og_locale":"cs_CZ","og_type":"article","og_title":"Kontakt - AGROSLU\u017dBY-DAVID KYN\u0160T","og_description":"David Kyn\u0161t-Agroslu\u017eby poskytuje slu\u017eby v zem\u011bd\u011blstv\u00ed. Agroslu\u017eby jsou zam\u011b\u0159en\u00e9 na sklize\u0148 obil\u00ed, \u0159epky a kuku\u0159ice, konzervace sen\u00e1\u017ee, sil\u00e1\u017ee, GPS, ma\u010dkan\u00e9 kuku\u0159i\u010dn\u00e9 zrno, cukrovarsk\u00e9 \u0159\u00edzky a ml\u00e1to. Najd\u011bte si na\u0161i firmu na map\u011b Google, um\u00edst\u011bn\u00e9 na na\u0161ich str\u00e1nk\u00e1ch.","og_url":"https:\/\/agrosluzby-kynst.cz\/?page_id=200","og_site_name":"AGROSLU\u017dBY-DAVID KYN\u0160T","article_modified_time":"2020-04-07T18:05:44+00:00","twitter_card":"summary","schema":{"@context":"https:\/\/schema.org","@graph":[{"@type":"WebPage","@id":"https:\/\/agrosluzby-kynst.cz\/?page_id=200","url":"https:\/\/agrosluzby-kynst.cz\/?page_id=200","name":"Kontakt - AGROSLU\u017dBY-DAVID KYN\u0160T","isPartOf":{"@id":"https:\/\/agrosluzby-kynst.cz\/#website"},"datePublished":"2017-08-18T16:33:21+00:00","dateModified":"2020-04-07T18:05:44+00:00","description":"David Kyn\u0161t-Agroslu\u017eby poskytuje slu\u017eby v zem\u011bd\u011blstv\u00ed. Agroslu\u017eby jsou zam\u011b\u0159en\u00e9 na sklize\u0148 obil\u00ed, \u0159epky a kuku\u0159ice, konzervace sen\u00e1\u017ee, sil\u00e1\u017ee, GPS, ma\u010dkan\u00e9 kuku\u0159i\u010dn\u00e9 zrno, cukrovarsk\u00e9 \u0159\u00edzky a ml\u00e1to. Najd\u011bte si na\u0161i firmu na map\u011b Google, um\u00edst\u011bn\u00e9 na na\u0161ich str\u00e1nk\u00e1ch.","breadcrumb":{"@id":"https:\/\/agrosluzby-kynst.cz\/?page_id=200#breadcrumb"},"inLanguage":"cs","potentialAction":[{"@type":"ReadAction","target":["https:\/\/agrosluzby-kynst.cz\/?page_id=200"]}]},{"@type":"BreadcrumbList","@id":"https:\/\/agrosluzby-kynst.cz\/?page_id=200#breadcrumb","itemListElement":[{"@type":"ListItem","position":1,"name":"Dom\u016f","item":"https:\/\/agrosluzby-kynst.cz\/"},{"@type":"ListItem","position":2,"name":"Kontakt"}]},{"@type":"WebSite","@id":"https:\/\/agrosluzby-kynst.cz\/#website","url":"https:\/\/agrosluzby-kynst.cz\/","name":"AGROSLU\u017dBY-DAVID KYN\u0160T","description":"Slu\u017eby pro zem\u011bd\u011blsk\u00e9 podniky","publisher":{"@id":"https:\/\/agrosluzby-kynst.cz\/#organization"},"potentialAction":[{"@type":"SearchAction","target":{"@type":"EntryPoint","urlTemplate":"https:\/\/agrosluzby-kynst.cz\/?s={search_term_string}"},"query-input":"required name=search_term_string"}],"inLanguage":"cs"},{"@type":"Organization","@id":"https:\/\/agrosluzby-kynst.cz\/#organization","name":"AGROSLU\u017dBY-DAVID KYN\u0160T","url":"https:\/\/agrosluzby-kynst.cz\/","sameAs":[],"logo":{"@type":"ImageObject","inLanguage":"cs","@id":"https:\/\/agrosluzby-kynst.cz\/#\/schema\/logo\/image\/","url":"https:\/\/agrosluzby-kynst.cz\/wp-content\/uploads\/2017\/08\/cropped-LOGO512x512.jpg","contentUrl":"https:\/\/agrosluzby-kynst.cz\/wp-content\/uploads\/2017\/08\/cropped-LOGO512x512.jpg","width":512,"height":512,"caption":"AGROSLU\u017dBY-DAVID KYN\u0160T"},"image":{"@id":"https:\/\/agrosluzby-kynst.cz\/#\/schema\/logo\/image\/"}}]}},"_links":{"self":[{"href":"https:\/\/agrosluzby-kynst.cz\/index.php?rest_route=\/wp\/v2\/pages\/200"}],"collection":[{"href":"https:\/\/agrosluzby-kynst.cz\/index.php?rest_route=\/wp\/v2\/pages"}],"about":[{"href":"https:\/\/agrosluzby-kynst.cz\/index.php?rest_route=\/wp\/v2\/types\/page"}],"author":[{"embeddable":true,"href":"https:\/\/agrosluzby-kynst.cz\/index.php?rest_route=\/wp\/v2\/users\/1"}],"replies":[{"embeddable":true,"href":"https:\/\/agrosluzby-kynst.cz\/index.php?rest_route=%2Fwp%2Fv2%2Fcomments&post=200"}],"version-history":[{"count":11,"href":"https:\/\/agrosluzby-kynst.cz\/index.php?rest_route=\/wp\/v2\/pages\/200\/revisions"}],"predecessor-version":[{"id":386,"href":"https:\/\/agrosluzby-kynst.cz\/index.php?rest_route=\/wp\/v2\/pages\/200\/revisions\/386"}],"wp:attachment":[{"href":"https:\/\/agrosluzby-kynst.cz\/index.php?rest_route=%2Fwp%2Fv2%2Fmedia&parent=200"}],"curies":[{"name":"wp","href":"https:\/\/api.w.org\/{rel}","templated":true}]}}