{"id":281,"date":"2017-12-31T18:28:07","date_gmt":"2017-12-31T18:28:07","guid":{"rendered":"http:\/\/agrosluzby-kynst.cz\/?page_id=281"},"modified":"2017-12-31T19:12:03","modified_gmt":"2017-12-31T19:12:03","slug":"video-konzervace-senaze","status":"publish","type":"page","link":"https:\/\/agrosluzby-kynst.cz\/?page_id=281","title":{"rendered":"Video"},"content":{"rendered":"<h1><span style=\"font-size: 14pt;\">Konzervace sen\u00e1\u017ee lisem <a href=\"http:\/\/www.eurobagging.com\/cs\/silazni-a-senazni-lisy\/eb-310-lg\" target=\"_blank\" rel=\"noopener\">Eurobagger EB 310 LG<\/a><\/span><\/h1>\n<p><span style=\"font-size: 12pt;\">Tento sil\u00e1\u017en\u00ed lis je v\u00fdborn\u011b p\u0159izp\u016fsoben pro nasklad\u0148ov\u00e1n\u00ed sen\u00e1\u017ee velkokapacitn\u00edmi n\u00e1v\u011bsy. M\u00e1 t\u0159i v\u00fdm\u011bnn\u00e9 komory pro pr\u016fm\u011bry vak\u016f 2,4m, 2,7m a 3m. T\u00edmto strojem lze konzervovat sen\u00e1\u017e do vak\u016f o d\u00e9lce 45m, 60m a v p\u0159\u00edpad\u011b kuku\u0159i\u010dn\u00e9 sil\u00e1\u017ee a\u017e 90m. P\u0159i kontinu\u00e1ln\u00edm nasklad\u0148ov\u00e1n\u00ed hmoty v r\u00e1mci agroslu\u017eby je v\u00fdkon lisu dva vaky za prodlou\u017eenou sm\u011bnu.<\/span><\/p>\n<p><strong><span style=\"font-size: 12pt;\">Zapn\u011bte zvuk, pohodln\u011b se usa\u010fte a prohl\u00e9dn\u011bte si video:<\/span><\/strong><\/p>\n<p><iframe loading=\"lazy\" src=\"https:\/\/www.youtube.com\/embed\/VDm5RjQoFxk\" width=\"560\" height=\"315\" frameborder=\"0\" allowfullscreen=\"allowfullscreen\"><\/iframe><\/p>\n","protected":false},"excerpt":{"rendered":"<p>Konzervace sen\u00e1\u017ee lisem Eurobagger EB 310 LG Tento sil\u00e1\u017en\u00ed lis je v\u00fdborn\u011b p\u0159izp\u016fsoben pro nasklad\u0148ov\u00e1n\u00ed sen\u00e1\u017ee velkokapacitn\u00edmi n\u00e1v\u011bsy. M\u00e1 t\u0159i v\u00fdm\u011bnn\u00e9 komory pro pr\u016fm\u011bry vak\u016f 2,4m, 2,7m a 3m. T\u00edmto strojem lze konzervovat sen\u00e1\u017e do vak\u016f o d\u00e9lce 45m, 60m &hellip; <a href=\"https:\/\/agrosluzby-kynst.cz\/?page_id=281\">Cel\u00fd p\u0159\u00edsp\u011bvek <span class=\"meta-nav\">&rarr;<\/span><\/a><\/p>\n","protected":false},"author":1,"featured_media":0,"parent":0,"menu_order":0,"comment_status":"closed","ping_status":"closed","template":"","meta":[],"yoast_head":"<!-- This site is optimized with the Yoast SEO plugin v19.5.1 - https:\/\/yoast.com\/wordpress\/plugins\/seo\/ -->\n<title>Video - AGROSLU\u017dBY-DAVID KYN\u0160T<\/title>\n<meta name=\"description\" content=\"Firma Agroslu\u017eby David Kyn\u0161t se specializuje na zem\u011bd\u011blsk\u00e9 slu\u017eby pro farmy a zem\u011bd\u011blsk\u00e9 podniky. Pro agroslu\u017eby vyu\u017e\u00edv\u00e1me kvalitn\u00ed strojn\u00ed vybaven\u00ed: sen\u00e1\u017en\u00ed a sil\u00e1\u017en\u00ed lisy Eurobagging, \u0159eza\u010dka a kombajny New Holland, velkokapacitn\u00ed n\u00e1v\u011bsy, ma\u010dka\u010d na kuku\u0159i\u010dn\u00e9 zrno Romill. Prohl\u00e9dn\u011bte si video ze sen\u00e1\u017eov\u00e1n\u00ed!\" \/>\n<meta name=\"robots\" content=\"index, follow, max-snippet:-1, max-image-preview:large, max-video-preview:-1\" \/>\n<link rel=\"canonical\" href=\"https:\/\/agrosluzby-kynst.cz\/?page_id=281\" \/>\n<meta property=\"og:locale\" content=\"cs_CZ\" \/>\n<meta property=\"og:type\" content=\"article\" \/>\n<meta property=\"og:title\" content=\"Video - AGROSLU\u017dBY-DAVID KYN\u0160T\" \/>\n<meta property=\"og:description\" content=\"Firma Agroslu\u017eby David Kyn\u0161t se specializuje na zem\u011bd\u011blsk\u00e9 slu\u017eby pro farmy a zem\u011bd\u011blsk\u00e9 podniky. Pro agroslu\u017eby vyu\u017e\u00edv\u00e1me kvalitn\u00ed strojn\u00ed vybaven\u00ed: sen\u00e1\u017en\u00ed a sil\u00e1\u017en\u00ed lisy Eurobagging, \u0159eza\u010dka a kombajny New Holland, velkokapacitn\u00ed n\u00e1v\u011bsy, ma\u010dka\u010d na kuku\u0159i\u010dn\u00e9 zrno Romill. Prohl\u00e9dn\u011bte si video ze sen\u00e1\u017eov\u00e1n\u00ed!\" \/>\n<meta property=\"og:url\" content=\"https:\/\/agrosluzby-kynst.cz\/?page_id=281\" \/>\n<meta property=\"og:site_name\" content=\"AGROSLU\u017dBY-DAVID KYN\u0160T\" \/>\n<meta property=\"article:modified_time\" content=\"2017-12-31T19:12:03+00:00\" \/>\n<meta name=\"twitter:card\" content=\"summary\" \/>\n<meta name=\"twitter:label1\" content=\"Odhadovan\u00e1 doba \u010dten\u00ed\" \/>\n\t<meta name=\"twitter:data1\" content=\"1 minuta\" \/>\n<script type=\"application\/ld+json\" class=\"yoast-schema-graph\">{\"@context\":\"https:\/\/schema.org\",\"@graph\":[{\"@type\":\"WebPage\",\"@id\":\"https:\/\/agrosluzby-kynst.cz\/?page_id=281\",\"url\":\"https:\/\/agrosluzby-kynst.cz\/?page_id=281\",\"name\":\"Video - AGROSLU\u017dBY-DAVID KYN\u0160T\",\"isPartOf\":{\"@id\":\"https:\/\/agrosluzby-kynst.cz\/#website\"},\"datePublished\":\"2017-12-31T18:28:07+00:00\",\"dateModified\":\"2017-12-31T19:12:03+00:00\",\"description\":\"Firma Agroslu\u017eby David Kyn\u0161t se specializuje na zem\u011bd\u011blsk\u00e9 slu\u017eby pro farmy a zem\u011bd\u011blsk\u00e9 podniky. Pro agroslu\u017eby vyu\u017e\u00edv\u00e1me kvalitn\u00ed strojn\u00ed vybaven\u00ed: sen\u00e1\u017en\u00ed a sil\u00e1\u017en\u00ed lisy Eurobagging, \u0159eza\u010dka a kombajny New Holland, velkokapacitn\u00ed n\u00e1v\u011bsy, ma\u010dka\u010d na kuku\u0159i\u010dn\u00e9 zrno Romill. Prohl\u00e9dn\u011bte si video ze sen\u00e1\u017eov\u00e1n\u00ed!\",\"breadcrumb\":{\"@id\":\"https:\/\/agrosluzby-kynst.cz\/?page_id=281#breadcrumb\"},\"inLanguage\":\"cs\",\"potentialAction\":[{\"@type\":\"ReadAction\",\"target\":[\"https:\/\/agrosluzby-kynst.cz\/?page_id=281\"]}]},{\"@type\":\"BreadcrumbList\",\"@id\":\"https:\/\/agrosluzby-kynst.cz\/?page_id=281#breadcrumb\",\"itemListElement\":[{\"@type\":\"ListItem\",\"position\":1,\"name\":\"Dom\u016f\",\"item\":\"https:\/\/agrosluzby-kynst.cz\/\"},{\"@type\":\"ListItem\",\"position\":2,\"name\":\"Video\"}]},{\"@type\":\"WebSite\",\"@id\":\"https:\/\/agrosluzby-kynst.cz\/#website\",\"url\":\"https:\/\/agrosluzby-kynst.cz\/\",\"name\":\"AGROSLU\u017dBY-DAVID KYN\u0160T\",\"description\":\"Slu\u017eby pro zem\u011bd\u011blsk\u00e9 podniky\",\"publisher\":{\"@id\":\"https:\/\/agrosluzby-kynst.cz\/#organization\"},\"potentialAction\":[{\"@type\":\"SearchAction\",\"target\":{\"@type\":\"EntryPoint\",\"urlTemplate\":\"https:\/\/agrosluzby-kynst.cz\/?s={search_term_string}\"},\"query-input\":\"required name=search_term_string\"}],\"inLanguage\":\"cs\"},{\"@type\":\"Organization\",\"@id\":\"https:\/\/agrosluzby-kynst.cz\/#organization\",\"name\":\"AGROSLU\u017dBY-DAVID KYN\u0160T\",\"url\":\"https:\/\/agrosluzby-kynst.cz\/\",\"sameAs\":[],\"logo\":{\"@type\":\"ImageObject\",\"inLanguage\":\"cs\",\"@id\":\"https:\/\/agrosluzby-kynst.cz\/#\/schema\/logo\/image\/\",\"url\":\"https:\/\/agrosluzby-kynst.cz\/wp-content\/uploads\/2017\/08\/cropped-LOGO512x512.jpg\",\"contentUrl\":\"https:\/\/agrosluzby-kynst.cz\/wp-content\/uploads\/2017\/08\/cropped-LOGO512x512.jpg\",\"width\":512,\"height\":512,\"caption\":\"AGROSLU\u017dBY-DAVID KYN\u0160T\"},\"image\":{\"@id\":\"https:\/\/agrosluzby-kynst.cz\/#\/schema\/logo\/image\/\"}}]}<\/script>\n<!-- \/ Yoast SEO plugin. -->","yoast_head_json":{"title":"Video - AGROSLU\u017dBY-DAVID KYN\u0160T","description":"Firma Agroslu\u017eby David Kyn\u0161t se specializuje na zem\u011bd\u011blsk\u00e9 slu\u017eby pro farmy a zem\u011bd\u011blsk\u00e9 podniky. Pro agroslu\u017eby vyu\u017e\u00edv\u00e1me kvalitn\u00ed strojn\u00ed vybaven\u00ed: sen\u00e1\u017en\u00ed a sil\u00e1\u017en\u00ed lisy Eurobagging, \u0159eza\u010dka a kombajny New Holland, velkokapacitn\u00ed n\u00e1v\u011bsy, ma\u010dka\u010d na kuku\u0159i\u010dn\u00e9 zrno Romill. Prohl\u00e9dn\u011bte si video ze sen\u00e1\u017eov\u00e1n\u00ed!","robots":{"index":"index","follow":"follow","max-snippet":"max-snippet:-1","max-image-preview":"max-image-preview:large","max-video-preview":"max-video-preview:-1"},"canonical":"https:\/\/agrosluzby-kynst.cz\/?page_id=281","og_locale":"cs_CZ","og_type":"article","og_title":"Video - AGROSLU\u017dBY-DAVID KYN\u0160T","og_description":"Firma Agroslu\u017eby David Kyn\u0161t se specializuje na zem\u011bd\u011blsk\u00e9 slu\u017eby pro farmy a zem\u011bd\u011blsk\u00e9 podniky. Pro agroslu\u017eby vyu\u017e\u00edv\u00e1me kvalitn\u00ed strojn\u00ed vybaven\u00ed: sen\u00e1\u017en\u00ed a sil\u00e1\u017en\u00ed lisy Eurobagging, \u0159eza\u010dka a kombajny New Holland, velkokapacitn\u00ed n\u00e1v\u011bsy, ma\u010dka\u010d na kuku\u0159i\u010dn\u00e9 zrno Romill. Prohl\u00e9dn\u011bte si video ze sen\u00e1\u017eov\u00e1n\u00ed!","og_url":"https:\/\/agrosluzby-kynst.cz\/?page_id=281","og_site_name":"AGROSLU\u017dBY-DAVID KYN\u0160T","article_modified_time":"2017-12-31T19:12:03+00:00","twitter_card":"summary","twitter_misc":{"Odhadovan\u00e1 doba \u010dten\u00ed":"1 minuta"},"schema":{"@context":"https:\/\/schema.org","@graph":[{"@type":"WebPage","@id":"https:\/\/agrosluzby-kynst.cz\/?page_id=281","url":"https:\/\/agrosluzby-kynst.cz\/?page_id=281","name":"Video - AGROSLU\u017dBY-DAVID KYN\u0160T","isPartOf":{"@id":"https:\/\/agrosluzby-kynst.cz\/#website"},"datePublished":"2017-12-31T18:28:07+00:00","dateModified":"2017-12-31T19:12:03+00:00","description":"Firma Agroslu\u017eby David Kyn\u0161t se specializuje na zem\u011bd\u011blsk\u00e9 slu\u017eby pro farmy a zem\u011bd\u011blsk\u00e9 podniky. Pro agroslu\u017eby vyu\u017e\u00edv\u00e1me kvalitn\u00ed strojn\u00ed vybaven\u00ed: sen\u00e1\u017en\u00ed a sil\u00e1\u017en\u00ed lisy Eurobagging, \u0159eza\u010dka a kombajny New Holland, velkokapacitn\u00ed n\u00e1v\u011bsy, ma\u010dka\u010d na kuku\u0159i\u010dn\u00e9 zrno Romill. Prohl\u00e9dn\u011bte si video ze sen\u00e1\u017eov\u00e1n\u00ed!","breadcrumb":{"@id":"https:\/\/agrosluzby-kynst.cz\/?page_id=281#breadcrumb"},"inLanguage":"cs","potentialAction":[{"@type":"ReadAction","target":["https:\/\/agrosluzby-kynst.cz\/?page_id=281"]}]},{"@type":"BreadcrumbList","@id":"https:\/\/agrosluzby-kynst.cz\/?page_id=281#breadcrumb","itemListElement":[{"@type":"ListItem","position":1,"name":"Dom\u016f","item":"https:\/\/agrosluzby-kynst.cz\/"},{"@type":"ListItem","position":2,"name":"Video"}]},{"@type":"WebSite","@id":"https:\/\/agrosluzby-kynst.cz\/#website","url":"https:\/\/agrosluzby-kynst.cz\/","name":"AGROSLU\u017dBY-DAVID KYN\u0160T","description":"Slu\u017eby pro zem\u011bd\u011blsk\u00e9 podniky","publisher":{"@id":"https:\/\/agrosluzby-kynst.cz\/#organization"},"potentialAction":[{"@type":"SearchAction","target":{"@type":"EntryPoint","urlTemplate":"https:\/\/agrosluzby-kynst.cz\/?s={search_term_string}"},"query-input":"required name=search_term_string"}],"inLanguage":"cs"},{"@type":"Organization","@id":"https:\/\/agrosluzby-kynst.cz\/#organization","name":"AGROSLU\u017dBY-DAVID KYN\u0160T","url":"https:\/\/agrosluzby-kynst.cz\/","sameAs":[],"logo":{"@type":"ImageObject","inLanguage":"cs","@id":"https:\/\/agrosluzby-kynst.cz\/#\/schema\/logo\/image\/","url":"https:\/\/agrosluzby-kynst.cz\/wp-content\/uploads\/2017\/08\/cropped-LOGO512x512.jpg","contentUrl":"https:\/\/agrosluzby-kynst.cz\/wp-content\/uploads\/2017\/08\/cropped-LOGO512x512.jpg","width":512,"height":512,"caption":"AGROSLU\u017dBY-DAVID KYN\u0160T"},"image":{"@id":"https:\/\/agrosluzby-kynst.cz\/#\/schema\/logo\/image\/"}}]}},"_links":{"self":[{"href":"https:\/\/agrosluzby-kynst.cz\/index.php?rest_route=\/wp\/v2\/pages\/281"}],"collection":[{"href":"https:\/\/agrosluzby-kynst.cz\/index.php?rest_route=\/wp\/v2\/pages"}],"about":[{"href":"https:\/\/agrosluzby-kynst.cz\/index.php?rest_route=\/wp\/v2\/types\/page"}],"author":[{"embeddable":true,"href":"https:\/\/agrosluzby-kynst.cz\/index.php?rest_route=\/wp\/v2\/users\/1"}],"replies":[{"embeddable":true,"href":"https:\/\/agrosluzby-kynst.cz\/index.php?rest_route=%2Fwp%2Fv2%2Fcomments&post=281"}],"version-history":[{"count":5,"href":"https:\/\/agrosluzby-kynst.cz\/index.php?rest_route=\/wp\/v2\/pages\/281\/revisions"}],"predecessor-version":[{"id":291,"href":"https:\/\/agrosluzby-kynst.cz\/index.php?rest_route=\/wp\/v2\/pages\/281\/revisions\/291"}],"wp:attachment":[{"href":"https:\/\/agrosluzby-kynst.cz\/index.php?rest_route=%2Fwp%2Fv2%2Fmedia&parent=281"}],"curies":[{"name":"wp","href":"https:\/\/api.w.org\/{rel}","templated":true}]}}