{"id":84,"date":"2017-08-08T18:17:07","date_gmt":"2017-08-08T18:17:07","guid":{"rendered":"http:\/\/agrosluzby-kynst.cz\/?page_id=84"},"modified":"2017-12-31T18:35:58","modified_gmt":"2017-12-31T18:35:58","slug":"fotogalerie","status":"publish","type":"page","link":"https:\/\/agrosluzby-kynst.cz\/?page_id=84","title":{"rendered":"Fotogalerie"},"content":{"rendered":"\n<table id=\"tablepress-1\" class=\"tablepress tablepress-id-1\">\n<tbody class=\"row-hover\">\n<tr class=\"row-1 odd\">\n\t<td class=\"column-1\"><div id=\"attachment_85\" style=\"width: 310px\" class=\"wp-caption alignnone\"><a href=\"http:\/\/agrosluzby-kynst.cz\/wp-content\/uploads\/2017\/08\/DSC_0945m.jpg\"><img aria-describedby=\"caption-attachment-85\" src=\"http:\/\/agrosluzby-kynst.cz\/wp-content\/uploads\/2017\/08\/DSC_0945m-300x200.jpg\" alt=\"\" width=\"300\" height=\"200\" class=\"size-medium wp-image-85\" \/><\/a><p id=\"caption-attachment-85\" class=\"wp-caption-text\">Sklize\u0148 \u0159epky<\/p><\/div><\/td><td class=\"column-2\"><div id=\"attachment_86\" style=\"width: 310px\" class=\"wp-caption alignnone\"><a href=\"http:\/\/agrosluzby-kynst.cz\/wp-content\/uploads\/2017\/08\/DSC_0941m.jpg\"><img aria-describedby=\"caption-attachment-86\" src=\"http:\/\/agrosluzby-kynst.cz\/wp-content\/uploads\/2017\/08\/DSC_0941m-300x200.jpg\" alt=\"\" width=\"300\" height=\"200\" class=\"size-medium wp-image-86\" \/><\/a><p id=\"caption-attachment-86\" class=\"wp-caption-text\">Velkokapacitn\u00ed n\u00e1v\u011bs Pronar<\/p><\/div><\/td>\n<\/tr>\n<tr class=\"row-2 even\">\n\t<td class=\"column-1\"><div id=\"attachment_179\" style=\"width: 310px\" class=\"wp-caption alignnone\"><a href=\"http:\/\/agrosluzby-kynst.cz\/wp-content\/uploads\/2017\/08\/agrosluzby-kynst-BE310LG2.jpg\"><img aria-describedby=\"caption-attachment-179\" src=\"http:\/\/agrosluzby-kynst.cz\/wp-content\/uploads\/2017\/08\/agrosluzby-kynst-BE310LG2-300x200.jpg\" alt=\"\" width=\"300\" height=\"200\" class=\"size-medium wp-image-179\" \/><\/a><p id=\"caption-attachment-179\" class=\"wp-caption-text\">Sil\u00e1\u017en\u00ed lis EB 310 LG<\/p><\/div><\/td><td class=\"column-2\"><div id=\"attachment_182\" style=\"width: 310px\" class=\"wp-caption alignnone\"><a href=\"http:\/\/agrosluzby-kynst.cz\/wp-content\/uploads\/2017\/08\/agrosluzby-kynst-BE310LG1.jpg\"><img aria-describedby=\"caption-attachment-182\" src=\"http:\/\/agrosluzby-kynst.cz\/wp-content\/uploads\/2017\/08\/agrosluzby-kynst-BE310LG1-300x200.jpg\" alt=\"\" width=\"300\" height=\"200\" class=\"size-medium wp-image-182\" \/><\/a><p id=\"caption-attachment-182\" class=\"wp-caption-text\">Konzervace sen\u00e1\u017ee do vak\u016f<\/p><\/div><\/td>\n<\/tr>\n<tr class=\"row-3 odd\">\n\t<td class=\"column-1\"><div id=\"attachment_183\" style=\"width: 310px\" class=\"wp-caption alignnone\"><a href=\"http:\/\/agrosluzby-kynst.cz\/wp-content\/uploads\/2017\/08\/agrosluzby-kynst-BE310LG3.jpg\"><img aria-describedby=\"caption-attachment-183\" src=\"http:\/\/agrosluzby-kynst.cz\/wp-content\/uploads\/2017\/08\/agrosluzby-kynst-BE310LG3-300x200.jpg\" alt=\"Sil\u00e1\u017en\u00ed lis EB 310 LG\" width=\"300\" height=\"200\" class=\"size-medium wp-image-183\" \/><\/a><p id=\"caption-attachment-183\" class=\"wp-caption-text\">Nasklad\u0148ov\u00e1n\u00ed sen\u00e1\u017ee velkokapacitn\u00edm n\u00e1v\u011bsem<\/p><\/div><\/td><td class=\"column-2\"><div id=\"attachment_238\" style=\"width: 310px\" class=\"wp-caption alignnone\"><a href=\"http:\/\/agrosluzby-kynst.cz\/wp-content\/uploads\/2017\/10\/Sklize\u0148-sil\u00e1\u017en\u00ed-kuku\u0159ice.jpg\"><img aria-describedby=\"caption-attachment-238\" src=\"http:\/\/agrosluzby-kynst.cz\/wp-content\/uploads\/2017\/10\/Sklize\u0148-sil\u00e1\u017en\u00ed-kuku\u0159ice-300x200.jpg\" alt=\"\" width=\"300\" height=\"200\" class=\"size-medium wp-image-238\" \/><\/a><p id=\"caption-attachment-238\" class=\"wp-caption-text\">Sklize\u0148 sil\u00e1\u017en\u00ed kuku\u0159ice<\/p><\/div><\/td>\n<\/tr>\n<tr class=\"row-4 even\">\n\t<td class=\"column-1\"><div id=\"attachment_239\" style=\"width: 310px\" class=\"wp-caption alignnone\"><a href=\"http:\/\/agrosluzby-kynst.cz\/wp-content\/uploads\/2017\/10\/Sklize\u0148-sil\u00e1\u017en\u00ed-kuku\u0159ice-\u0159eza\u010dkou.jpg\"><img aria-describedby=\"caption-attachment-239\" src=\"http:\/\/agrosluzby-kynst.cz\/wp-content\/uploads\/2017\/10\/Sklize\u0148-sil\u00e1\u017en\u00ed-kuku\u0159ice-\u0159eza\u010dkou-300x200.jpg\" alt=\"\" width=\"300\" height=\"200\" class=\"size-medium wp-image-239\" \/><\/a><p id=\"caption-attachment-239\" class=\"wp-caption-text\">Sklize\u0148 sil\u00e1\u017en\u00ed kuku\u0159ice \u0159eza\u010dkou<\/p><\/div><\/td><td class=\"column-2\"><div id=\"attachment_240\" style=\"width: 310px\" class=\"wp-caption alignnone\"><a href=\"http:\/\/agrosluzby-kynst.cz\/wp-content\/uploads\/2017\/10\/Sil\u00e1\u017en\u00ed-kuku\u0159ice-na-Han\u00e9.jpg\"><img aria-describedby=\"caption-attachment-240\" src=\"http:\/\/agrosluzby-kynst.cz\/wp-content\/uploads\/2017\/10\/Sil\u00e1\u017en\u00ed-kuku\u0159ice-na-Han\u00e9-300x200.jpg\" alt=\"\" width=\"300\" height=\"200\" class=\"size-medium wp-image-240\" \/><\/a><p id=\"caption-attachment-240\" class=\"wp-caption-text\">Sklize\u0148 sil\u00e1\u017en\u00ed kuku\u0159ice<\/p><\/div><\/td>\n<\/tr>\n<tr class=\"row-5 odd\">\n\t<td class=\"column-1\"><div id=\"attachment_233\" style=\"width: 310px\" class=\"wp-caption alignnone\"><a href=\"http:\/\/agrosluzby-kynst.cz\/wp-content\/uploads\/2017\/10\/Sklize\u0148-kuku\u0159i\u010dn\u00e9ho-zrna.jpg\"><img aria-describedby=\"caption-attachment-233\" src=\"http:\/\/agrosluzby-kynst.cz\/wp-content\/uploads\/2017\/10\/Sklize\u0148-kuku\u0159i\u010dn\u00e9ho-zrna-300x200.jpg\" alt=\"\" width=\"300\" height=\"200\" class=\"size-medium wp-image-233\" \/><\/a><p id=\"caption-attachment-233\" class=\"wp-caption-text\">Sklize\u0148 kuku\u0159i\u010dn\u00e9ho zrna<\/p><\/div><\/td><td class=\"column-2\"><div id=\"attachment_242\" style=\"width: 310px\" class=\"wp-caption alignnone\"><a href=\"http:\/\/agrosluzby-kynst.cz\/wp-content\/uploads\/2017\/10\/Ma\u010dk\u00e1n\u00ed-vlhk\u00e9ho-kuku\u0159i\u010dn\u00e9ho-zrna2.jpg\"><img aria-describedby=\"caption-attachment-242\" src=\"http:\/\/agrosluzby-kynst.cz\/wp-content\/uploads\/2017\/10\/Ma\u010dk\u00e1n\u00ed-vlhk\u00e9ho-kuku\u0159i\u010dn\u00e9ho-zrna2-300x200.jpg\" alt=\"\" width=\"300\" height=\"200\" class=\"size-medium wp-image-242\" \/><\/a><p id=\"caption-attachment-242\" class=\"wp-caption-text\">Ma\u010dk\u00e1n\u00ed vlhk\u00e9ho kuku\u0159i\u010dn\u00e9ho zrna<\/p><\/div><\/td>\n<\/tr>\n<tr class=\"row-6 even\">\n\t<td class=\"column-1\"><div id=\"attachment_234\" style=\"width: 310px\" class=\"wp-caption alignnone\"><a href=\"http:\/\/agrosluzby-kynst.cz\/wp-content\/uploads\/2017\/10\/Ma\u010dk\u00e1n\u00ed-vlhk\u00e9ho-kuku\u0159i\u010dn\u00e9ho-zrna.jpg\"><img aria-describedby=\"caption-attachment-234\" src=\"http:\/\/agrosluzby-kynst.cz\/wp-content\/uploads\/2017\/10\/Ma\u010dk\u00e1n\u00ed-vlhk\u00e9ho-kuku\u0159i\u010dn\u00e9ho-zrna-300x200.jpg\" alt=\"\" width=\"300\" height=\"200\" class=\"size-medium wp-image-234\" \/><\/a><p id=\"caption-attachment-234\" class=\"wp-caption-text\">Ma\u010dk\u00e1n\u00ed vlhk\u00e9ho kuku\u0159i\u010dn\u00e9ho zrna<\/p><\/div><\/td><td class=\"column-2\"><div id=\"attachment_236\" style=\"width: 310px\" class=\"wp-caption alignnone\"><a href=\"http:\/\/agrosluzby-kynst.cz\/wp-content\/uploads\/2017\/10\/Konzervace-ma\u010dkan\u00e9ho-vlhk\u00e9ho-kuku\u0159i\u010dn\u00e9ho-zrna.jpg\"><img aria-describedby=\"caption-attachment-236\" src=\"http:\/\/agrosluzby-kynst.cz\/wp-content\/uploads\/2017\/10\/Konzervace-ma\u010dkan\u00e9ho-vlhk\u00e9ho-kuku\u0159i\u010dn\u00e9ho-zrna-300x200.jpg\" alt=\"\" width=\"300\" height=\"200\" class=\"size-medium wp-image-236\" \/><\/a><p id=\"caption-attachment-236\" class=\"wp-caption-text\">Konzervace ma\u010dkan\u00e9ho vlhk\u00e9ho kuku\u0159i\u010dn\u00e9ho zrna<\/p><\/div><\/td>\n<\/tr>\n<\/tbody>\n<\/table>\n<!-- #tablepress-1 from cache -->\n<p>&nbsp;<\/p>\n","protected":false},"excerpt":{"rendered":"<p>&nbsp;<\/p>\n","protected":false},"author":1,"featured_media":0,"parent":0,"menu_order":0,"comment_status":"closed","ping_status":"closed","template":"","meta":[],"yoast_head":"<!-- This site is optimized with the Yoast SEO plugin v19.5.1 - https:\/\/yoast.com\/wordpress\/plugins\/seo\/ -->\n<title>Fotogalerie - AGROSLU\u017dBY-DAVID KYN\u0160T<\/title>\n<meta name=\"description\" content=\"Firma Agroslu\u017eby David Kyn\u0161t se specializuje na zem\u011bd\u011blsk\u00e9 slu\u017eby pro farmy a zem\u011bd\u011blsk\u00e9 podniky. Pro agroslu\u017eby vyu\u017e\u00edv\u00e1me kvalitn\u00ed strojn\u00ed vybaven\u00ed: sen\u00e1\u017en\u00ed a sil\u00e1\u017en\u00ed lisy Eurobagging, \u0159eza\u010dka a kombajny New Holland, velkokapacitn\u00ed n\u00e1v\u011bsy Pronar a Wielton, ma\u010dka\u010d na kuku\u0159i\u010dn\u00e9 zrno Romill.Nav\u0161tivte na\u0161i fotogalerii!\" \/>\n<meta name=\"robots\" content=\"index, follow, max-snippet:-1, max-image-preview:large, max-video-preview:-1\" \/>\n<link rel=\"canonical\" href=\"https:\/\/agrosluzby-kynst.cz\/?page_id=84\" \/>\n<meta property=\"og:locale\" content=\"cs_CZ\" \/>\n<meta property=\"og:type\" content=\"article\" \/>\n<meta property=\"og:title\" content=\"Fotogalerie - AGROSLU\u017dBY-DAVID KYN\u0160T\" \/>\n<meta property=\"og:description\" content=\"Firma Agroslu\u017eby David Kyn\u0161t se specializuje na zem\u011bd\u011blsk\u00e9 slu\u017eby pro farmy a zem\u011bd\u011blsk\u00e9 podniky. Pro agroslu\u017eby vyu\u017e\u00edv\u00e1me kvalitn\u00ed strojn\u00ed vybaven\u00ed: sen\u00e1\u017en\u00ed a sil\u00e1\u017en\u00ed lisy Eurobagging, \u0159eza\u010dka a kombajny New Holland, velkokapacitn\u00ed n\u00e1v\u011bsy Pronar a Wielton, ma\u010dka\u010d na kuku\u0159i\u010dn\u00e9 zrno Romill.Nav\u0161tivte na\u0161i fotogalerii!\" \/>\n<meta property=\"og:url\" content=\"https:\/\/agrosluzby-kynst.cz\/?page_id=84\" \/>\n<meta property=\"og:site_name\" content=\"AGROSLU\u017dBY-DAVID KYN\u0160T\" \/>\n<meta property=\"article:modified_time\" content=\"2017-12-31T18:35:58+00:00\" \/>\n<meta name=\"twitter:card\" content=\"summary\" \/>\n<script type=\"application\/ld+json\" class=\"yoast-schema-graph\">{\"@context\":\"https:\/\/schema.org\",\"@graph\":[{\"@type\":\"WebPage\",\"@id\":\"https:\/\/agrosluzby-kynst.cz\/?page_id=84\",\"url\":\"https:\/\/agrosluzby-kynst.cz\/?page_id=84\",\"name\":\"Fotogalerie - AGROSLU\u017dBY-DAVID KYN\u0160T\",\"isPartOf\":{\"@id\":\"https:\/\/agrosluzby-kynst.cz\/#website\"},\"datePublished\":\"2017-08-08T18:17:07+00:00\",\"dateModified\":\"2017-12-31T18:35:58+00:00\",\"description\":\"Firma Agroslu\u017eby David Kyn\u0161t se specializuje na zem\u011bd\u011blsk\u00e9 slu\u017eby pro farmy a zem\u011bd\u011blsk\u00e9 podniky. Pro agroslu\u017eby vyu\u017e\u00edv\u00e1me kvalitn\u00ed strojn\u00ed vybaven\u00ed: sen\u00e1\u017en\u00ed a sil\u00e1\u017en\u00ed lisy Eurobagging, \u0159eza\u010dka a kombajny New Holland, velkokapacitn\u00ed n\u00e1v\u011bsy Pronar a Wielton, ma\u010dka\u010d na kuku\u0159i\u010dn\u00e9 zrno Romill.Nav\u0161tivte na\u0161i fotogalerii!\",\"breadcrumb\":{\"@id\":\"https:\/\/agrosluzby-kynst.cz\/?page_id=84#breadcrumb\"},\"inLanguage\":\"cs\",\"potentialAction\":[{\"@type\":\"ReadAction\",\"target\":[\"https:\/\/agrosluzby-kynst.cz\/?page_id=84\"]}]},{\"@type\":\"BreadcrumbList\",\"@id\":\"https:\/\/agrosluzby-kynst.cz\/?page_id=84#breadcrumb\",\"itemListElement\":[{\"@type\":\"ListItem\",\"position\":1,\"name\":\"Dom\u016f\",\"item\":\"https:\/\/agrosluzby-kynst.cz\/\"},{\"@type\":\"ListItem\",\"position\":2,\"name\":\"Fotogalerie\"}]},{\"@type\":\"WebSite\",\"@id\":\"https:\/\/agrosluzby-kynst.cz\/#website\",\"url\":\"https:\/\/agrosluzby-kynst.cz\/\",\"name\":\"AGROSLU\u017dBY-DAVID KYN\u0160T\",\"description\":\"Slu\u017eby pro zem\u011bd\u011blsk\u00e9 podniky\",\"publisher\":{\"@id\":\"https:\/\/agrosluzby-kynst.cz\/#organization\"},\"potentialAction\":[{\"@type\":\"SearchAction\",\"target\":{\"@type\":\"EntryPoint\",\"urlTemplate\":\"https:\/\/agrosluzby-kynst.cz\/?s={search_term_string}\"},\"query-input\":\"required name=search_term_string\"}],\"inLanguage\":\"cs\"},{\"@type\":\"Organization\",\"@id\":\"https:\/\/agrosluzby-kynst.cz\/#organization\",\"name\":\"AGROSLU\u017dBY-DAVID KYN\u0160T\",\"url\":\"https:\/\/agrosluzby-kynst.cz\/\",\"sameAs\":[],\"logo\":{\"@type\":\"ImageObject\",\"inLanguage\":\"cs\",\"@id\":\"https:\/\/agrosluzby-kynst.cz\/#\/schema\/logo\/image\/\",\"url\":\"https:\/\/agrosluzby-kynst.cz\/wp-content\/uploads\/2017\/08\/cropped-LOGO512x512.jpg\",\"contentUrl\":\"https:\/\/agrosluzby-kynst.cz\/wp-content\/uploads\/2017\/08\/cropped-LOGO512x512.jpg\",\"width\":512,\"height\":512,\"caption\":\"AGROSLU\u017dBY-DAVID KYN\u0160T\"},\"image\":{\"@id\":\"https:\/\/agrosluzby-kynst.cz\/#\/schema\/logo\/image\/\"}}]}<\/script>\n<!-- \/ Yoast SEO plugin. -->","yoast_head_json":{"title":"Fotogalerie - AGROSLU\u017dBY-DAVID KYN\u0160T","description":"Firma Agroslu\u017eby David Kyn\u0161t se specializuje na zem\u011bd\u011blsk\u00e9 slu\u017eby pro farmy a zem\u011bd\u011blsk\u00e9 podniky. Pro agroslu\u017eby vyu\u017e\u00edv\u00e1me kvalitn\u00ed strojn\u00ed vybaven\u00ed: sen\u00e1\u017en\u00ed a sil\u00e1\u017en\u00ed lisy Eurobagging, \u0159eza\u010dka a kombajny New Holland, velkokapacitn\u00ed n\u00e1v\u011bsy Pronar a Wielton, ma\u010dka\u010d na kuku\u0159i\u010dn\u00e9 zrno Romill.Nav\u0161tivte na\u0161i fotogalerii!","robots":{"index":"index","follow":"follow","max-snippet":"max-snippet:-1","max-image-preview":"max-image-preview:large","max-video-preview":"max-video-preview:-1"},"canonical":"https:\/\/agrosluzby-kynst.cz\/?page_id=84","og_locale":"cs_CZ","og_type":"article","og_title":"Fotogalerie - AGROSLU\u017dBY-DAVID KYN\u0160T","og_description":"Firma Agroslu\u017eby David Kyn\u0161t se specializuje na zem\u011bd\u011blsk\u00e9 slu\u017eby pro farmy a zem\u011bd\u011blsk\u00e9 podniky. Pro agroslu\u017eby vyu\u017e\u00edv\u00e1me kvalitn\u00ed strojn\u00ed vybaven\u00ed: sen\u00e1\u017en\u00ed a sil\u00e1\u017en\u00ed lisy Eurobagging, \u0159eza\u010dka a kombajny New Holland, velkokapacitn\u00ed n\u00e1v\u011bsy Pronar a Wielton, ma\u010dka\u010d na kuku\u0159i\u010dn\u00e9 zrno Romill.Nav\u0161tivte na\u0161i fotogalerii!","og_url":"https:\/\/agrosluzby-kynst.cz\/?page_id=84","og_site_name":"AGROSLU\u017dBY-DAVID KYN\u0160T","article_modified_time":"2017-12-31T18:35:58+00:00","twitter_card":"summary","schema":{"@context":"https:\/\/schema.org","@graph":[{"@type":"WebPage","@id":"https:\/\/agrosluzby-kynst.cz\/?page_id=84","url":"https:\/\/agrosluzby-kynst.cz\/?page_id=84","name":"Fotogalerie - AGROSLU\u017dBY-DAVID KYN\u0160T","isPartOf":{"@id":"https:\/\/agrosluzby-kynst.cz\/#website"},"datePublished":"2017-08-08T18:17:07+00:00","dateModified":"2017-12-31T18:35:58+00:00","description":"Firma Agroslu\u017eby David Kyn\u0161t se specializuje na zem\u011bd\u011blsk\u00e9 slu\u017eby pro farmy a zem\u011bd\u011blsk\u00e9 podniky. Pro agroslu\u017eby vyu\u017e\u00edv\u00e1me kvalitn\u00ed strojn\u00ed vybaven\u00ed: sen\u00e1\u017en\u00ed a sil\u00e1\u017en\u00ed lisy Eurobagging, \u0159eza\u010dka a kombajny New Holland, velkokapacitn\u00ed n\u00e1v\u011bsy Pronar a Wielton, ma\u010dka\u010d na kuku\u0159i\u010dn\u00e9 zrno Romill.Nav\u0161tivte na\u0161i fotogalerii!","breadcrumb":{"@id":"https:\/\/agrosluzby-kynst.cz\/?page_id=84#breadcrumb"},"inLanguage":"cs","potentialAction":[{"@type":"ReadAction","target":["https:\/\/agrosluzby-kynst.cz\/?page_id=84"]}]},{"@type":"BreadcrumbList","@id":"https:\/\/agrosluzby-kynst.cz\/?page_id=84#breadcrumb","itemListElement":[{"@type":"ListItem","position":1,"name":"Dom\u016f","item":"https:\/\/agrosluzby-kynst.cz\/"},{"@type":"ListItem","position":2,"name":"Fotogalerie"}]},{"@type":"WebSite","@id":"https:\/\/agrosluzby-kynst.cz\/#website","url":"https:\/\/agrosluzby-kynst.cz\/","name":"AGROSLU\u017dBY-DAVID KYN\u0160T","description":"Slu\u017eby pro zem\u011bd\u011blsk\u00e9 podniky","publisher":{"@id":"https:\/\/agrosluzby-kynst.cz\/#organization"},"potentialAction":[{"@type":"SearchAction","target":{"@type":"EntryPoint","urlTemplate":"https:\/\/agrosluzby-kynst.cz\/?s={search_term_string}"},"query-input":"required name=search_term_string"}],"inLanguage":"cs"},{"@type":"Organization","@id":"https:\/\/agrosluzby-kynst.cz\/#organization","name":"AGROSLU\u017dBY-DAVID KYN\u0160T","url":"https:\/\/agrosluzby-kynst.cz\/","sameAs":[],"logo":{"@type":"ImageObject","inLanguage":"cs","@id":"https:\/\/agrosluzby-kynst.cz\/#\/schema\/logo\/image\/","url":"https:\/\/agrosluzby-kynst.cz\/wp-content\/uploads\/2017\/08\/cropped-LOGO512x512.jpg","contentUrl":"https:\/\/agrosluzby-kynst.cz\/wp-content\/uploads\/2017\/08\/cropped-LOGO512x512.jpg","width":512,"height":512,"caption":"AGROSLU\u017dBY-DAVID KYN\u0160T"},"image":{"@id":"https:\/\/agrosluzby-kynst.cz\/#\/schema\/logo\/image\/"}}]}},"_links":{"self":[{"href":"https:\/\/agrosluzby-kynst.cz\/index.php?rest_route=\/wp\/v2\/pages\/84"}],"collection":[{"href":"https:\/\/agrosluzby-kynst.cz\/index.php?rest_route=\/wp\/v2\/pages"}],"about":[{"href":"https:\/\/agrosluzby-kynst.cz\/index.php?rest_route=\/wp\/v2\/types\/page"}],"author":[{"embeddable":true,"href":"https:\/\/agrosluzby-kynst.cz\/index.php?rest_route=\/wp\/v2\/users\/1"}],"replies":[{"embeddable":true,"href":"https:\/\/agrosluzby-kynst.cz\/index.php?rest_route=%2Fwp%2Fv2%2Fcomments&post=84"}],"version-history":[{"count":13,"href":"https:\/\/agrosluzby-kynst.cz\/index.php?rest_route=\/wp\/v2\/pages\/84\/revisions"}],"predecessor-version":[{"id":246,"href":"https:\/\/agrosluzby-kynst.cz\/index.php?rest_route=\/wp\/v2\/pages\/84\/revisions\/246"}],"wp:attachment":[{"href":"https:\/\/agrosluzby-kynst.cz\/index.php?rest_route=%2Fwp%2Fv2%2Fmedia&parent=84"}],"curies":[{"name":"wp","href":"https:\/\/api.w.org\/{rel}","templated":true}]}}